{"id":5608,"date":"2022-07-01T04:22:32","date_gmt":"2022-07-01T04:22:32","guid":{"rendered":"https:\/\/improagro.com\/?page_id=5608"},"modified":"2022-07-05T11:35:23","modified_gmt":"2022-07-05T11:35:23","slug":"politicas-de-privacidad-2","status":"publish","type":"page","link":"https:\/\/improagro.com\/en\/politicas-de-privacidad-2\/","title":{"rendered":"Pol\u00edticas de privacidad"},"content":{"rendered":"\t\t<div data-elementor-type=\"wp-page\" data-elementor-id=\"5608\" class=\"elementor elementor-5608\">\n\t\t\t\t\t\t<section class=\"elementor-section elementor-top-section elementor-element elementor-element-8f6b96b elementor-section-height-min-height elementor-section-boxed elementor-section-height-default elementor-section-items-middle\" data-id=\"8f6b96b\" data-element_type=\"section\" data-e-type=\"section\" data-settings=\"{&quot;background_background&quot;:&quot;classic&quot;}\">\n\t\t\t\t\t\t\t<div class=\"elementor-background-overlay\"><\/div>\n\t\t\t\t\t\t\t<div class=\"elementor-container elementor-column-gap-default\">\n\t\t\t\t\t<div class=\"elementor-column elementor-col-100 elementor-top-column elementor-element elementor-element-46408b5\" data-id=\"46408b5\" data-element_type=\"column\" data-e-type=\"column\">\n\t\t\t<div class=\"elementor-widget-wrap\">\n\t\t\t\t\t\t\t<\/div>\n\t\t<\/div>\n\t\t\t\t\t<\/div>\n\t\t<\/section>\n\t\t\t\t<section class=\"elementor-section elementor-top-section elementor-element elementor-element-11e36af elementor-section-boxed elementor-section-height-default elementor-section-height-default\" data-id=\"11e36af\" data-element_type=\"section\" data-e-type=\"section\">\n\t\t\t\t\t\t<div class=\"elementor-container elementor-column-gap-default\">\n\t\t\t\t\t<div class=\"elementor-column elementor-col-100 elementor-top-column elementor-element elementor-element-2c28bee\" data-id=\"2c28bee\" data-element_type=\"column\" data-e-type=\"column\">\n\t\t\t<div class=\"elementor-widget-wrap elementor-element-populated\">\n\t\t\t\t\t\t<div class=\"elementor-element elementor-element-bb55345 elementor-widget elementor-widget-spacer\" data-id=\"bb55345\" data-element_type=\"widget\" data-e-type=\"widget\" data-widget_type=\"spacer.default\">\n\t\t\t\t<div class=\"elementor-widget-container\">\n\t\t\t\t\t\t\t<div class=\"elementor-spacer\">\n\t\t\t<div class=\"elementor-spacer-inner\"><\/div>\n\t\t<\/div>\n\t\t\t\t\t\t<\/div>\n\t\t\t\t<\/div>\n\t\t\t\t\t<\/div>\n\t\t<\/div>\n\t\t\t\t\t<\/div>\n\t\t<\/section>\n\t\t\t\t<section class=\"elementor-section elementor-top-section elementor-element elementor-element-c108b75 elementor-section-boxed elementor-section-height-default elementor-section-height-default\" data-id=\"c108b75\" data-element_type=\"section\" data-e-type=\"section\">\n\t\t\t\t\t\t<div class=\"elementor-container elementor-column-gap-default\">\n\t\t\t\t\t<div class=\"elementor-column elementor-col-100 elementor-top-column elementor-element elementor-element-1aeeba1\" data-id=\"1aeeba1\" data-element_type=\"column\" data-e-type=\"column\">\n\t\t\t<div class=\"elementor-widget-wrap elementor-element-populated\">\n\t\t\t\t\t\t<div class=\"elementor-element elementor-element-6e5c29e elementor-widget elementor-widget-heading\" data-id=\"6e5c29e\" data-element_type=\"widget\" data-e-type=\"widget\" data-widget_type=\"heading.default\">\n\t\t\t\t<div class=\"elementor-widget-container\">\n\t\t\t\t\t<h2 class=\"elementor-heading-title elementor-size-default\">POL\u00cdTICAS DE PRIVACIDAD<\/h2>\t\t\t\t<\/div>\n\t\t\t\t<\/div>\n\t\t\t\t<div class=\"elementor-element elementor-element-a22b9fb elementor-widget elementor-widget-text-editor\" data-id=\"a22b9fb\" data-element_type=\"widget\" data-e-type=\"widget\" data-widget_type=\"text-editor.default\">\n\t\t\t\t<div class=\"elementor-widget-container\">\n\t\t\t\t\t\t\t\t\t<p>Improagro Sas. (En adelante \u201cImproagro\u201d o \u201cla Compa\u00f1\u00eda\u201d), dando \u00a0cumplimiento a la Ley 1581 de 2012 y sus respectivos decretos reglamentarios, le informa; que los Datos Personales\u00a0 que usted suministre en virtud de las actividades celebradas con la compa\u00f1\u00eda, se les dar\u00e1 tratamiento mediante el uso y mantenimiento de medidas de seguridad t\u00e9cnicas, f\u00edsicas y administrativas con \u00e9l fin de impedir que terceros no autorizados puedan acceder a los mismos.<\/p><p>\u00a0<\/p><ol><li><strong><u>Responsable del Tratamiento<\/u><\/strong><\/li><\/ol><ul><li>El responsable del Tratamiento de sus Datos Personales\u00a0 es Improagro, sociedad ubicada en la ciudad de Bogot\u00e1 D.C<\/li><li>Para dar mayor informaci\u00f3n podr\u00e1 contactarnos en el correo electr\u00f3nico\u00a0<a href=\"mailto:info@improagro.com\">info@improagro.com<\/a>\u00a0o en\u00a0 el tel\u00e9fono: 3219550140<\/li><\/ul><p>\u00a0<\/p><ol start=\"2\"><li><strong><u>Tratamiento de Datos Personales y Objetivos<\/u><\/strong><\/li><\/ol><p>Los datos personales obtenidos del ejercicio, ser\u00e1n transmitidos, transferidos, recolectados, almacenados y procesados con el objeto de ofrecer, solicitar, entregar y vender los productos y servicios para cualquier \u00a0requisito que \u00a0se d\u00e9 para el desarrollo de \u00a0actividades u operaciones que realiza Improagro.<\/p><p>\u00a0<\/p><p>Por lo anterior, los Datos Personales obtenidos del ejercicio podr\u00e1n ser utilizados para los siguientes fines:<\/p><ul><li>Informar cambios en los t\u00e9rminos y condiciones de servicios y productos ofrecidos por Improagro Sas.<\/li><li>Notificar a los titulares de actividades de mercadeo y promocionales,\u00a0 y la realizaci\u00f3n de las mismas en redes sociales.<\/li><li>Valorar la calidad del servicio, desarrollar estudios de mercado sobre h\u00e1bitos de consumo y an\u00e1lisis estad\u00edsticos para usos internos.<\/li><li>Informar sobre ofertas relacionadas con los servicios y productos que ofrece Improagro\u00a0 y sus compa\u00f1\u00edas vinculadas.<\/li><li>Ejecutar procesos de auditor\u00eda interna o externa propios de la actividad que Improagro desarrolla.<\/li><li>Permitir que compa\u00f1\u00edas vinculadas a Improagro, con las cuales ha celebrado contratos que incluyen disposiciones para garantizar la seguridad y el adecuado Tratamiento de los Datos Personales\u00a0 tratados, contacten al Titular con el prop\u00f3sito de ofrecerle bienes o servicios de su inter\u00e9s.<\/li><li>Regular el acceso a las oficinas de la Compa\u00f1\u00eda e implantar medidas de seguridad, incluyendo el establecimiento de zonas video-vigiladas.<\/li><li>Posibilitar el dise\u00f1o e implementaci\u00f3n de programas de fidelizaci\u00f3n.<\/li><li>Gestionar oportunamente las consultas, peticiones, quejas y reclamos que sean realizadas por los titulares y a organismos de control y dem\u00e1s autoridades que en virtud de la ley aplicable deban recibir los Datos Personales.<\/li><li>Compartir la informaci\u00f3n recolectada a distintas \u00e1reas de la Compa\u00f1\u00eda y a compa\u00f1\u00edas vinculadas a Improagro, cuando sea necesario para el desarrollo de sus operaciones.<\/li><li>Registrar sus Datos Personales\u00a0 en los sistemas de informaci\u00f3n de Improagro\u00a0 y en sus bases de datos comerciales, en sistemas de informaci\u00f3n y operativas.<\/li><li>Hacer uso de los distintos servicios correspondientes a sitios web, incluyendo descargas de contenidos y formatos.<\/li><li>Las dem\u00e1s funciones que se encuentren establecidas en la Pol\u00edtica de Tratamiento de Datos de la Compa\u00f1\u00eda.<\/li><li>Cualquier otra actividad de naturaleza similar a las anteriormente descritas que sean necesarias para desarrollar el objeto social de la Compa\u00f1\u00eda.<\/li><\/ul><p>\u00a0<\/p><ol start=\"3\"><li><strong><u>Derechos del Titular de Datos Personales<\/u><\/strong><\/li><\/ol><p>El titular tiene los derechos previstos en la Constituci\u00f3n Pol\u00edtica de Colombia, la Ley 1581 de 2012 y sus decretos reglamentarios, y en particular, a: (i) acceder en forma gratuita a los Datos Personales\u00a0 proporcionados a Improagro Sas,\u00a0 que hayan sido objeto de Tratamiento; (ii) enterarse, actualizar y rectificar su informaci\u00f3n personal frente a datos parciales, inexactos, incompletos, fraccionados, que induzcan a error, o respecto de aquellos cuyo Tratamiento este expresamente prohibido o no haya sido autorizado; (iii) requerir prueba de la Autorizaci\u00f3n otorgada a Improagro Sas.; (iv) ser informado por el responsable o encargado sobre el uso que se le ha dado a sus datos personales; (v) exhibir ante la Superintendencia de Industria y Comercio (\u201cSIC\u201d) quejas por infracciones a lo dispuesto en la normatividad vigente; (vi) revocar la Autorizaci\u00f3n otorgada y solicitar la supresi\u00f3n del dato cuando no se respeten los principios, derechos y garant\u00edas constitucionales y legales; (vii) abstenerse de responder preguntas sobre datos sensibles. Tendr\u00e1n car\u00e1cter facultativo las respuestas que versen sobre ni\u00f1os, ni\u00f1as y adolescentes y aquellas relacionadas con datos sensibles.<\/p><p>\u00a0<\/p><ol start=\"4\"><li><strong><u>Canales<\/u><\/strong><u>\u00a0<strong>para conocer la Pol\u00edtica de Tratamiento<\/strong><\/u><\/li><\/ol><p>Usted podr\u00e1 ejercer los derechos que la Ley prev\u00e9, siguiendo los procedimientos que Improagro Sas, proporciona para tales efectos, los cuales puede conocer en nuestra Pol\u00edtica de Tratamiento de Datos Personales publicada en la p\u00e1gina web\u00a0<a href=\"http:\/\/www.improagro.com\/\">www.improagro.com<\/a>\u00a0y en\u00a0<a href=\"http:\/\/www.fertiquim.improagro.com\/\">www.fertiquim.improagro.com<\/a><\/p>\t\t\t\t\t\t\t\t<\/div>\n\t\t\t\t<\/div>\n\t\t\t\t\t<\/div>\n\t\t<\/div>\n\t\t\t\t\t<\/div>\n\t\t<\/section>\n\t\t\t\t<section class=\"elementor-section elementor-top-section elementor-element elementor-element-14b2c03 elementor-section-boxed elementor-section-height-default elementor-section-height-default\" data-id=\"14b2c03\" data-element_type=\"section\" data-e-type=\"section\">\n\t\t\t\t\t\t<div class=\"elementor-container elementor-column-gap-default\">\n\t\t\t\t\t<div class=\"elementor-column elementor-col-100 elementor-top-column elementor-element elementor-element-84fcb11\" data-id=\"84fcb11\" data-element_type=\"column\" data-e-type=\"column\">\n\t\t\t<div class=\"elementor-widget-wrap elementor-element-populated\">\n\t\t\t\t\t\t<div class=\"elementor-element elementor-element-c9139a2 elementor-widget elementor-widget-spacer\" data-id=\"c9139a2\" data-element_type=\"widget\" data-e-type=\"widget\" data-widget_type=\"spacer.default\">\n\t\t\t\t<div class=\"elementor-widget-container\">\n\t\t\t\t\t\t\t<div class=\"elementor-spacer\">\n\t\t\t<div class=\"elementor-spacer-inner\"><\/div>\n\t\t<\/div>\n\t\t\t\t\t\t<\/div>\n\t\t\t\t<\/div>\n\t\t\t\t\t<\/div>\n\t\t<\/div>\n\t\t\t\t\t<\/div>\n\t\t<\/section>\n\t\t\t\t<section class=\"elementor-section elementor-top-section elementor-element elementor-element-2451f66 elementor-section-boxed elementor-section-height-default elementor-section-height-default\" data-id=\"2451f66\" data-element_type=\"section\" data-e-type=\"section\" data-settings=\"{&quot;background_background&quot;:&quot;classic&quot;}\">\n\t\t\t\t\t\t<div class=\"elementor-container elementor-column-gap-default\">\n\t\t\t\t\t<div class=\"elementor-column elementor-col-20 elementor-top-column elementor-element elementor-element-5ff2cec\" data-id=\"5ff2cec\" data-element_type=\"column\" data-e-type=\"column\">\n\t\t\t<div class=\"elementor-widget-wrap elementor-element-populated\">\n\t\t\t\t\t\t<div class=\"elementor-element elementor-element-3691a49 elementor-widget elementor-widget-heading\" data-id=\"3691a49\" data-element_type=\"widget\" data-e-type=\"widget\" data-widget_type=\"heading.default\">\n\t\t\t\t<div class=\"elementor-widget-container\">\n\t\t\t\t\t<h2 class=\"elementor-heading-title elementor-size-default\">NOSOTROS<\/h2>\t\t\t\t<\/div>\n\t\t\t\t<\/div>\n\t\t\t\t<div class=\"elementor-element elementor-element-9334ddf elementor-widget elementor-widget-text-editor\" data-id=\"9334ddf\" data-element_type=\"widget\" data-e-type=\"widget\" data-widget_type=\"text-editor.default\">\n\t\t\t\t<div class=\"elementor-widget-container\">\n\t\t\t\t\t\t\t\t\t<ul><li>Somos una empresa comprometida con la innovaci\u00f3n y desarrollo de productos y servicios, para entregar soluciones adaptables a las necesidades de nuestros clientes en el sector Agroindustrial.<\/li><\/ul>\t\t\t\t\t\t\t\t<\/div>\n\t\t\t\t<\/div>\n\t\t\t\t\t<\/div>\n\t\t<\/div>\n\t\t\t\t<div class=\"elementor-column elementor-col-20 elementor-top-column elementor-element elementor-element-d69bf4e\" data-id=\"d69bf4e\" data-element_type=\"column\" data-e-type=\"column\">\n\t\t\t<div class=\"elementor-widget-wrap elementor-element-populated\">\n\t\t\t\t\t\t<div class=\"elementor-element elementor-element-def8553 elementor-widget elementor-widget-heading\" data-id=\"def8553\" data-element_type=\"widget\" data-e-type=\"widget\" data-widget_type=\"heading.default\">\n\t\t\t\t<div class=\"elementor-widget-container\">\n\t\t\t\t\t<h2 class=\"elementor-heading-title elementor-size-default\">CONTACTO<\/h2>\t\t\t\t<\/div>\n\t\t\t\t<\/div>\n\t\t\t\t<div class=\"elementor-element elementor-element-bbf11b6 elementor-icon-list--layout-traditional elementor-list-item-link-full_width elementor-widget elementor-widget-icon-list\" data-id=\"bbf11b6\" data-element_type=\"widget\" data-e-type=\"widget\" data-widget_type=\"icon-list.default\">\n\t\t\t\t<div class=\"elementor-widget-container\">\n\t\t\t\t\t\t\t<ul class=\"elementor-icon-list-items\">\n\t\t\t\t\t\t\t<li class=\"elementor-icon-list-item\">\n\t\t\t\t\t\t\t\t\t\t\t<span class=\"elementor-icon-list-icon\">\n\t\t\t\t\t\t\t<i aria-hidden=\"true\" class=\"fas fa-phone-alt\"><\/i>\t\t\t\t\t\t<\/span>\n\t\t\t\t\t\t\t\t\t\t<span class=\"elementor-icon-list-text\">+57 321 955 0140<\/span>\n\t\t\t\t\t\t\t\t\t<\/li>\n\t\t\t\t\t\t\t\t<li class=\"elementor-icon-list-item\">\n\t\t\t\t\t\t\t\t\t\t\t<span class=\"elementor-icon-list-icon\">\n\t\t\t\t\t\t\t<i aria-hidden=\"true\" class=\"fas fa-mail-bulk\"><\/i>\t\t\t\t\t\t<\/span>\n\t\t\t\t\t\t\t\t\t\t<span class=\"elementor-icon-list-text\">info@improagro.com<\/span>\n\t\t\t\t\t\t\t\t\t<\/li>\n\t\t\t\t\t\t\t\t<li class=\"elementor-icon-list-item\">\n\t\t\t\t\t\t\t\t\t\t\t<span class=\"elementor-icon-list-icon\">\n\t\t\t\t\t\t\t<i aria-hidden=\"true\" class=\"fas fa-house-user\"><\/i>\t\t\t\t\t\t<\/span>\n\t\t\t\t\t\t\t\t\t\t<span class=\"elementor-icon-list-text\">Despachos: Zona Franca Mamonal Cartagena, Colombia<\/span>\n\t\t\t\t\t\t\t\t\t<\/li>\n\t\t\t\t\t\t<\/ul>\n\t\t\t\t\t\t<\/div>\n\t\t\t\t<\/div>\n\t\t\t\t\t<\/div>\n\t\t<\/div>\n\t\t\t\t<div class=\"elementor-column elementor-col-20 elementor-top-column elementor-element elementor-element-ec42411\" data-id=\"ec42411\" data-element_type=\"column\" data-e-type=\"column\">\n\t\t\t<div class=\"elementor-widget-wrap elementor-element-populated\">\n\t\t\t\t\t\t<div class=\"elementor-element elementor-element-c21e9f2 elementor-widget elementor-widget-heading\" data-id=\"c21e9f2\" data-element_type=\"widget\" data-e-type=\"widget\" data-widget_type=\"heading.default\">\n\t\t\t\t<div class=\"elementor-widget-container\">\n\t\t\t\t\t<h2 class=\"elementor-heading-title elementor-size-default\">INFORMACI\u00d3N<\/h2>\t\t\t\t<\/div>\n\t\t\t\t<\/div>\n\t\t\t\t<div class=\"elementor-element elementor-element-0023c05 elementor-icon-list--layout-traditional elementor-list-item-link-full_width elementor-widget elementor-widget-icon-list\" data-id=\"0023c05\" data-element_type=\"widget\" data-e-type=\"widget\" data-widget_type=\"icon-list.default\">\n\t\t\t\t<div class=\"elementor-widget-container\">\n\t\t\t\t\t\t\t<ul class=\"elementor-icon-list-items\">\n\t\t\t\t\t\t\t<li class=\"elementor-icon-list-item\">\n\t\t\t\t\t\t\t\t\t\t\t<a href=\"https:\/\/improagro.com\/politicas-de-privacidad-2\/\">\n\n\t\t\t\t\t\t\t\t\t\t\t\t<span class=\"elementor-icon-list-icon\">\n\t\t\t\t\t\t\t<i aria-hidden=\"true\" class=\"fas fa-check\"><\/i>\t\t\t\t\t\t<\/span>\n\t\t\t\t\t\t\t\t\t\t<span class=\"elementor-icon-list-text\">Pol\u00edticas de privacidad<\/span>\n\t\t\t\t\t\t\t\t\t\t\t<\/a>\n\t\t\t\t\t\t\t\t\t<\/li>\n\t\t\t\t\t\t\t\t<li class=\"elementor-icon-list-item\">\n\t\t\t\t\t\t\t\t\t\t\t<a href=\"https:\/\/improagro.com\/terminos-condiciones-de-uso\/\">\n\n\t\t\t\t\t\t\t\t\t\t\t\t<span class=\"elementor-icon-list-icon\">\n\t\t\t\t\t\t\t<i aria-hidden=\"true\" class=\"fas fa-dot-circle\"><\/i>\t\t\t\t\t\t<\/span>\n\t\t\t\t\t\t\t\t\t\t<span class=\"elementor-icon-list-text\">T\u00e9rminos y condiciones<\/span>\n\t\t\t\t\t\t\t\t\t\t\t<\/a>\n\t\t\t\t\t\t\t\t\t<\/li>\n\t\t\t\t\t\t<\/ul>\n\t\t\t\t\t\t<\/div>\n\t\t\t\t<\/div>\n\t\t\t\t\t<\/div>\n\t\t<\/div>\n\t\t\t\t<div class=\"elementor-column elementor-col-20 elementor-top-column elementor-element elementor-element-36e2bbe\" data-id=\"36e2bbe\" data-element_type=\"column\" data-e-type=\"column\">\n\t\t\t<div class=\"elementor-widget-wrap elementor-element-populated\">\n\t\t\t\t\t\t<div class=\"elementor-element elementor-element-90ebcd4 elementor-widget elementor-widget-heading\" data-id=\"90ebcd4\" data-element_type=\"widget\" data-e-type=\"widget\" data-widget_type=\"heading.default\">\n\t\t\t\t<div class=\"elementor-widget-container\">\n\t\t\t\t\t<h2 class=\"elementor-heading-title elementor-size-default\">REDES SOCIALES<\/h2>\t\t\t\t<\/div>\n\t\t\t\t<\/div>\n\t\t\t\t<div class=\"elementor-element elementor-element-1269956 elementor-align-start elementor-icon-list--layout-traditional elementor-list-item-link-full_width elementor-widget elementor-widget-icon-list\" data-id=\"1269956\" data-element_type=\"widget\" data-e-type=\"widget\" data-widget_type=\"icon-list.default\">\n\t\t\t\t<div class=\"elementor-widget-container\">\n\t\t\t\t\t\t\t<ul class=\"elementor-icon-list-items\">\n\t\t\t\t\t\t\t<li class=\"elementor-icon-list-item\">\n\t\t\t\t\t\t\t\t\t\t\t<a href=\"https:\/\/www.instagram.com\/improagrosas\/?hl=es\">\n\n\t\t\t\t\t\t\t\t\t\t\t\t<span class=\"elementor-icon-list-icon\">\n\t\t\t\t\t\t\t<i aria-hidden=\"true\" class=\"fab fa-instagram\"><\/i>\t\t\t\t\t\t<\/span>\n\t\t\t\t\t\t\t\t\t\t<span class=\"elementor-icon-list-text\">@improagrosas<\/span>\n\t\t\t\t\t\t\t\t\t\t\t<\/a>\n\t\t\t\t\t\t\t\t\t<\/li>\n\t\t\t\t\t\t\t\t<li class=\"elementor-icon-list-item\">\n\t\t\t\t\t\t\t\t\t\t\t<a href=\"https:\/\/www.facebook.com\/ImproagroSas\/\">\n\n\t\t\t\t\t\t\t\t\t\t\t\t<span class=\"elementor-icon-list-icon\">\n\t\t\t\t\t\t\t<i aria-hidden=\"true\" class=\"fab fa-facebook\"><\/i>\t\t\t\t\t\t<\/span>\n\t\t\t\t\t\t\t\t\t\t<span class=\"elementor-icon-list-text\">improagro<\/span>\n\t\t\t\t\t\t\t\t\t\t\t<\/a>\n\t\t\t\t\t\t\t\t\t<\/li>\n\t\t\t\t\t\t\t\t<li class=\"elementor-icon-list-item\">\n\t\t\t\t\t\t\t\t\t\t\t<a href=\"https:\/\/twitter.com\/improagro\">\n\n\t\t\t\t\t\t\t\t\t\t\t\t<span class=\"elementor-icon-list-icon\">\n\t\t\t\t\t\t\t<i aria-hidden=\"true\" class=\"fab fa-twitter\"><\/i>\t\t\t\t\t\t<\/span>\n\t\t\t\t\t\t\t\t\t\t<span class=\"elementor-icon-list-text\">@improagro<\/span>\n\t\t\t\t\t\t\t\t\t\t\t<\/a>\n\t\t\t\t\t\t\t\t\t<\/li>\n\t\t\t\t\t\t<\/ul>\n\t\t\t\t\t\t<\/div>\n\t\t\t\t<\/div>\n\t\t\t\t\t<\/div>\n\t\t<\/div>\n\t\t\t\t<div class=\"elementor-column elementor-col-20 elementor-top-column elementor-element elementor-element-f81d6ef\" data-id=\"f81d6ef\" data-element_type=\"column\" data-e-type=\"column\">\n\t\t\t<div class=\"elementor-widget-wrap elementor-element-populated\">\n\t\t\t\t\t\t<div class=\"elementor-element elementor-element-c2d4025 elementor-widget elementor-widget-heading\" data-id=\"c2d4025\" data-element_type=\"widget\" data-e-type=\"widget\" data-widget_type=\"heading.default\">\n\t\t\t\t<div class=\"elementor-widget-container\">\n\t\t\t\t\t<h2 class=\"elementor-heading-title elementor-size-default\">C\u00d3DIGO QR<\/h2>\t\t\t\t<\/div>\n\t\t\t\t<\/div>\n\t\t\t\t<div class=\"elementor-element elementor-element-47c4f6f elementor-widget elementor-widget-image\" data-id=\"47c4f6f\" data-element_type=\"widget\" data-e-type=\"widget\" data-widget_type=\"image.default\">\n\t\t\t\t<div class=\"elementor-widget-container\">\n\t\t\t\t\t\t\t\t\t\t\t\t\t\t\t<img decoding=\"async\" width=\"162\" height=\"161\" src=\"https:\/\/improagro.com\/wp-content\/uploads\/2022\/07\/IMPROAGROFERTI_SAS_PAOLA_MATIZ_y_SANDRA_MORALE-4-e1656812378502.jpg\" class=\"attachment-large size-large wp-image-5793\" alt=\"\" srcset=\"https:\/\/improagro.com\/wp-content\/uploads\/2022\/07\/IMPROAGROFERTI_SAS_PAOLA_MATIZ_y_SANDRA_MORALE-4-e1656812378502.jpg 162w, https:\/\/improagro.com\/wp-content\/uploads\/2022\/07\/IMPROAGROFERTI_SAS_PAOLA_MATIZ_y_SANDRA_MORALE-4-e1656812378502-150x150.jpg 150w\" sizes=\"(max-width: 162px) 100vw, 162px\" \/>\t\t\t\t\t\t\t\t\t\t\t\t\t\t\t<\/div>\n\t\t\t\t<\/div>\n\t\t\t\t\t<\/div>\n\t\t<\/div>\n\t\t\t\t\t<\/div>\n\t\t<\/section>\n\t\t\t\t<\/div>\n\t\t","protected":false},"excerpt":{"rendered":"<p>POL\u00cdTICAS DE PRIVACIDAD Improagro Sas. (En adelante \u201cImproagro\u201d o \u201cla Compa\u00f1\u00eda\u201d), dando \u00a0cumplimiento a la Ley 1581 de 2012 y sus respectivos decretos reglamentarios, le informa; que los Datos Personales\u00a0 que usted suministre en virtud de las actividades celebradas con la compa\u00f1\u00eda, se les dar\u00e1 tratamiento mediante el uso y mantenimiento de medidas de seguridad [&hellip;]<\/p>\n","protected":false},"author":1,"featured_media":0,"parent":0,"menu_order":0,"comment_status":"closed","ping_status":"closed","template":"","meta":{"site-sidebar-layout":"no-sidebar","site-content-layout":"page-builder","ast-site-content-layout":"default","site-content-style":"default","site-sidebar-style":"default","ast-global-header-display":"","ast-banner-title-visibility":"","ast-main-header-display":"","ast-hfb-above-header-display":"","ast-hfb-below-header-display":"","ast-hfb-mobile-header-display":"","site-post-title":"disabled","ast-breadcrumbs-content":"","ast-featured-img":"disabled","footer-sml-layout":"","ast-disable-related-posts":"","theme-transparent-header-meta":"enabled","adv-header-id-meta":"","stick-header-meta":"","header-above-stick-meta":"","header-main-stick-meta":"","header-below-stick-meta":"","astra-migrate-meta-layouts":"default","ast-page-background-enabled":"default","ast-page-background-meta":{"desktop":{"background-color":"","background-image":"","background-repeat":"repeat","background-position":"center center","background-size":"auto","background-attachment":"scroll","background-type":"","background-media":"","overlay-type":"","overlay-color":"","overlay-opacity":"","overlay-gradient":""},"tablet":{"background-color":"","background-image":"","background-repeat":"repeat","background-position":"center center","background-size":"auto","background-attachment":"scroll","background-type":"","background-media":"","overlay-type":"","overlay-color":"","overlay-opacity":"","overlay-gradient":""},"mobile":{"background-color":"","background-image":"","background-repeat":"repeat","background-position":"center center","background-size":"auto","background-attachment":"scroll","background-type":"","background-media":"","overlay-type":"","overlay-color":"","overlay-opacity":"","overlay-gradient":""}},"ast-content-background-meta":{"desktop":{"background-color":"var(--ast-global-color-5)","background-image":"","background-repeat":"repeat","background-position":"center center","background-size":"auto","background-attachment":"scroll","background-type":"","background-media":"","overlay-type":"","overlay-color":"","overlay-opacity":"","overlay-gradient":""},"tablet":{"background-color":"var(--ast-global-color-5)","background-image":"","background-repeat":"repeat","background-position":"center center","background-size":"auto","background-attachment":"scroll","background-type":"","background-media":"","overlay-type":"","overlay-color":"","overlay-opacity":"","overlay-gradient":""},"mobile":{"background-color":"var(--ast-global-color-5)","background-image":"","background-repeat":"repeat","background-position":"center center","background-size":"auto","background-attachment":"scroll","background-type":"","background-media":"","overlay-type":"","overlay-color":"","overlay-opacity":"","overlay-gradient":""}},"_joinchat":[],"footnotes":""},"class_list":["post-5608","page","type-page","status-publish","hentry"],"_links":{"self":[{"href":"https:\/\/improagro.com\/en\/wp-json\/wp\/v2\/pages\/5608"}],"collection":[{"href":"https:\/\/improagro.com\/en\/wp-json\/wp\/v2\/pages"}],"about":[{"href":"https:\/\/improagro.com\/en\/wp-json\/wp\/v2\/types\/page"}],"author":[{"embeddable":true,"href":"https:\/\/improagro.com\/en\/wp-json\/wp\/v2\/users\/1"}],"replies":[{"embeddable":true,"href":"https:\/\/improagro.com\/en\/wp-json\/wp\/v2\/comments?post=5608"}],"version-history":[{"count":8,"href":"https:\/\/improagro.com\/en\/wp-json\/wp\/v2\/pages\/5608\/revisions"}],"predecessor-version":[{"id":5868,"href":"https:\/\/improagro.com\/en\/wp-json\/wp\/v2\/pages\/5608\/revisions\/5868"}],"wp:attachment":[{"href":"https:\/\/improagro.com\/en\/wp-json\/wp\/v2\/media?parent=5608"}],"curies":[{"name":"wp","href":"https:\/\/api.w.org\/{rel}","templated":true}]}}